{"id":77,"date":"2026-03-29T00:16:19","date_gmt":"2026-03-28T23:16:19","guid":{"rendered":"https:\/\/www.terraformsk.sk\/?page_id=77"},"modified":"2026-03-29T00:18:51","modified_gmt":"2026-03-28T23:18:51","slug":"nase-realizacie","status":"publish","type":"page","link":"https:\/\/www.terraformsk.sk\/?page_id=77","title":{"rendered":"Na\u0161e realiz\u00e1cie"},"content":{"rendered":"\n<p><strong>Pre in\u0161pir\u00e1ciu uv\u00e1dzame niektor\u00e9 z na\u0161ich realiz\u00e1ci\u00ed p\u00f4dnych pr\u00e1c:<br><br>Futbalov\u00e9 ihrisko Ke\u017emarok &#8211; Rekon\u0161trukcia okolia ihriska pomocou n\u00e1\u0161ho Avantu so zaklada\u010dom tr\u00e1vnika:<\/strong><br><\/p>\n\n\n\n<figure class=\"wp-block-image size-large is-resized\"><img loading=\"lazy\" decoding=\"async\" width=\"1024\" height=\"1024\" src=\"http:\/\/www.terraformsk.sk\/wp-content\/uploads\/2026\/03\/TerraForm_kezmarok_Futbal-1024x1024.jpg\" alt=\"\" class=\"wp-image-75\" style=\"width:561px;height:auto\" srcset=\"https:\/\/www.terraformsk.sk\/wp-content\/uploads\/2026\/03\/TerraForm_kezmarok_Futbal-1024x1024.jpg 1024w, https:\/\/www.terraformsk.sk\/wp-content\/uploads\/2026\/03\/TerraForm_kezmarok_Futbal-300x300.jpg 300w, https:\/\/www.terraformsk.sk\/wp-content\/uploads\/2026\/03\/TerraForm_kezmarok_Futbal-150x150.jpg 150w, https:\/\/www.terraformsk.sk\/wp-content\/uploads\/2026\/03\/TerraForm_kezmarok_Futbal-768x768.jpg 768w, https:\/\/www.terraformsk.sk\/wp-content\/uploads\/2026\/03\/TerraForm_kezmarok_Futbal-1536x1536.jpg 1536w, https:\/\/www.terraformsk.sk\/wp-content\/uploads\/2026\/03\/TerraForm_kezmarok_Futbal.jpg 2048w\" sizes=\"auto, (max-width: 1024px) 100vw, 1024px\" \/><\/figure>\n\n\n\n<p><strong>\u00daprava pozemku okolo novostavby po ukon\u010den\u00ed stavebn\u00fdch pr\u00e1c:<\/strong><br><\/p>\n\n\n\n<figure class=\"wp-block-gallery has-nested-images columns-default is-cropped wp-block-gallery-1 is-layout-flex wp-block-gallery-is-layout-flex\">\n<figure class=\"wp-block-image size-large\"><img loading=\"lazy\" decoding=\"async\" width=\"1024\" height=\"576\" data-id=\"80\" src=\"https:\/\/www.terraformsk.sk\/wp-content\/uploads\/2026\/03\/TerraForm_pozemok1-1024x576.jpg\" alt=\"\" class=\"wp-image-80\" srcset=\"https:\/\/www.terraformsk.sk\/wp-content\/uploads\/2026\/03\/TerraForm_pozemok1-1024x576.jpg 1024w, https:\/\/www.terraformsk.sk\/wp-content\/uploads\/2026\/03\/TerraForm_pozemok1-300x169.jpg 300w, https:\/\/www.terraformsk.sk\/wp-content\/uploads\/2026\/03\/TerraForm_pozemok1-768x432.jpg 768w, https:\/\/www.terraformsk.sk\/wp-content\/uploads\/2026\/03\/TerraForm_pozemok1-1536x864.jpg 1536w, https:\/\/www.terraformsk.sk\/wp-content\/uploads\/2026\/03\/TerraForm_pozemok1.jpg 1920w\" sizes=\"auto, (max-width: 1024px) 100vw, 1024px\" \/><\/figure>\n\n\n\n<figure class=\"wp-block-image size-large\"><img loading=\"lazy\" decoding=\"async\" width=\"1024\" height=\"768\" data-id=\"79\" src=\"https:\/\/www.terraformsk.sk\/wp-content\/uploads\/2026\/03\/TerraForm_pozemok-1-1024x768.jpg\" alt=\"\" class=\"wp-image-79\" srcset=\"https:\/\/www.terraformsk.sk\/wp-content\/uploads\/2026\/03\/TerraForm_pozemok-1-1024x768.jpg 1024w, https:\/\/www.terraformsk.sk\/wp-content\/uploads\/2026\/03\/TerraForm_pozemok-1-300x225.jpg 300w, https:\/\/www.terraformsk.sk\/wp-content\/uploads\/2026\/03\/TerraForm_pozemok-1-768x576.jpg 768w, https:\/\/www.terraformsk.sk\/wp-content\/uploads\/2026\/03\/TerraForm_pozemok-1-1536x1152.jpg 1536w, https:\/\/www.terraformsk.sk\/wp-content\/uploads\/2026\/03\/TerraForm_pozemok-1.jpg 2000w\" sizes=\"auto, (max-width: 1024px) 100vw, 1024px\" \/><\/figure>\n<\/figure>\n\n\n\n<p><strong>Rovnako \u00faprava pozemku okolo novostavby:<\/strong><\/p>\n\n\n\n<figure class=\"wp-block-gallery has-nested-images columns-default is-cropped wp-block-gallery-2 is-layout-flex wp-block-gallery-is-layout-flex\">\n<figure class=\"wp-block-image size-large\"><img loading=\"lazy\" decoding=\"async\" width=\"1024\" height=\"1024\" data-id=\"81\" src=\"https:\/\/www.terraformsk.sk\/wp-content\/uploads\/2026\/03\/TerraForm_poz1-1024x1024.jpg\" alt=\"\" class=\"wp-image-81\" srcset=\"https:\/\/www.terraformsk.sk\/wp-content\/uploads\/2026\/03\/TerraForm_poz1-1024x1024.jpg 1024w, https:\/\/www.terraformsk.sk\/wp-content\/uploads\/2026\/03\/TerraForm_poz1-300x300.jpg 300w, https:\/\/www.terraformsk.sk\/wp-content\/uploads\/2026\/03\/TerraForm_poz1-150x150.jpg 150w, https:\/\/www.terraformsk.sk\/wp-content\/uploads\/2026\/03\/TerraForm_poz1-768x768.jpg 768w, https:\/\/www.terraformsk.sk\/wp-content\/uploads\/2026\/03\/TerraForm_poz1-1536x1536.jpg 1536w, https:\/\/www.terraformsk.sk\/wp-content\/uploads\/2026\/03\/TerraForm_poz1.jpg 2048w\" sizes=\"auto, (max-width: 1024px) 100vw, 1024px\" \/><\/figure>\n\n\n\n<figure class=\"wp-block-image size-large\"><img loading=\"lazy\" decoding=\"async\" width=\"1024\" height=\"1024\" data-id=\"82\" src=\"https:\/\/www.terraformsk.sk\/wp-content\/uploads\/2026\/03\/TerraForm_poz2-1024x1024.jpg\" alt=\"\" class=\"wp-image-82\" srcset=\"https:\/\/www.terraformsk.sk\/wp-content\/uploads\/2026\/03\/TerraForm_poz2-1024x1024.jpg 1024w, https:\/\/www.terraformsk.sk\/wp-content\/uploads\/2026\/03\/TerraForm_poz2-300x300.jpg 300w, https:\/\/www.terraformsk.sk\/wp-content\/uploads\/2026\/03\/TerraForm_poz2-150x150.jpg 150w, https:\/\/www.terraformsk.sk\/wp-content\/uploads\/2026\/03\/TerraForm_poz2-768x768.jpg 768w, https:\/\/www.terraformsk.sk\/wp-content\/uploads\/2026\/03\/TerraForm_poz2-1536x1536.jpg 1536w, https:\/\/www.terraformsk.sk\/wp-content\/uploads\/2026\/03\/TerraForm_poz2.jpg 2048w\" sizes=\"auto, (max-width: 1024px) 100vw, 1024px\" \/><\/figure>\n\n\n\n<figure class=\"wp-block-image size-large\"><img loading=\"lazy\" decoding=\"async\" width=\"1024\" height=\"1024\" data-id=\"83\" src=\"https:\/\/www.terraformsk.sk\/wp-content\/uploads\/2026\/03\/TerraForm_poz3-1024x1024.jpg\" alt=\"\" class=\"wp-image-83\" srcset=\"https:\/\/www.terraformsk.sk\/wp-content\/uploads\/2026\/03\/TerraForm_poz3-1024x1024.jpg 1024w, https:\/\/www.terraformsk.sk\/wp-content\/uploads\/2026\/03\/TerraForm_poz3-300x300.jpg 300w, https:\/\/www.terraformsk.sk\/wp-content\/uploads\/2026\/03\/TerraForm_poz3-150x150.jpg 150w, https:\/\/www.terraformsk.sk\/wp-content\/uploads\/2026\/03\/TerraForm_poz3-768x768.jpg 768w, https:\/\/www.terraformsk.sk\/wp-content\/uploads\/2026\/03\/TerraForm_poz3-1536x1536.jpg 1536w, https:\/\/www.terraformsk.sk\/wp-content\/uploads\/2026\/03\/TerraForm_poz3.jpg 2048w\" sizes=\"auto, (max-width: 1024px) 100vw, 1024px\" \/><\/figure>\n<\/figure>\n\n\n\n<p><strong>\u00daprava priestorov n\u00e1mestia na\u0161ou p\u00f4dnou fr\u00e9zou:<\/strong><\/p>\n\n\n\n<p><\/p>\n\n\n<div class=\"wp-block-image\">\n<figure class=\"aligncenter size-large is-resized\"><img loading=\"lazy\" decoding=\"async\" width=\"1024\" height=\"1024\" src=\"https:\/\/www.terraformsk.sk\/wp-content\/uploads\/2026\/03\/TerraForm_nam1-1024x1024.jpg\" alt=\"\" class=\"wp-image-84\" style=\"width:535px;height:auto\" srcset=\"https:\/\/www.terraformsk.sk\/wp-content\/uploads\/2026\/03\/TerraForm_nam1-1024x1024.jpg 1024w, https:\/\/www.terraformsk.sk\/wp-content\/uploads\/2026\/03\/TerraForm_nam1-300x300.jpg 300w, https:\/\/www.terraformsk.sk\/wp-content\/uploads\/2026\/03\/TerraForm_nam1-150x150.jpg 150w, https:\/\/www.terraformsk.sk\/wp-content\/uploads\/2026\/03\/TerraForm_nam1-768x768.jpg 768w, https:\/\/www.terraformsk.sk\/wp-content\/uploads\/2026\/03\/TerraForm_nam1-1536x1536.jpg 1536w, https:\/\/www.terraformsk.sk\/wp-content\/uploads\/2026\/03\/TerraForm_nam1.jpg 2048w\" sizes=\"auto, (max-width: 1024px) 100vw, 1024px\" \/><\/figure>\n<\/div>\n\n\n<p><strong>\u00daprava krytej haly na\u0161ou p\u00f4dnou fr\u00e9zou Avant:<\/strong><\/p>\n\n\n<div class=\"wp-block-image\">\n<figure class=\"aligncenter size-full is-resized\"><img loading=\"lazy\" decoding=\"async\" width=\"800\" height=\"531\" src=\"https:\/\/www.terraformsk.sk\/wp-content\/uploads\/2026\/03\/TerraForm_poz5.jpg\" alt=\"\" class=\"wp-image-85\" style=\"width:658px;height:auto\" srcset=\"https:\/\/www.terraformsk.sk\/wp-content\/uploads\/2026\/03\/TerraForm_poz5.jpg 800w, https:\/\/www.terraformsk.sk\/wp-content\/uploads\/2026\/03\/TerraForm_poz5-300x199.jpg 300w, https:\/\/www.terraformsk.sk\/wp-content\/uploads\/2026\/03\/TerraForm_poz5-768x510.jpg 768w, https:\/\/www.terraformsk.sk\/wp-content\/uploads\/2026\/03\/TerraForm_poz5-700x465.jpg 700w\" sizes=\"auto, (max-width: 800px) 100vw, 800px\" \/><\/figure>\n<\/div>","protected":false},"excerpt":{"rendered":"<p>Pre in\u0161pir\u00e1ciu uv\u00e1dzame niektor\u00e9 z na\u0161ich realiz\u00e1ci\u00ed p\u00f4dnych pr\u00e1c: Futbalov\u00e9 ihrisko Ke\u017emarok &#8211; Rekon\u0161trukcia okolia ihriska pomocou n\u00e1\u0161ho Avantu so zaklada\u010dom tr\u00e1vnika: \u00daprava pozemku okolo &hellip; <\/p>\n","protected":false},"author":1,"featured_media":0,"parent":0,"menu_order":0,"comment_status":"closed","ping_status":"closed","template":"","meta":{"footnotes":""},"class_list":["post-77","page","type-page","status-publish","hentry"],"_links":{"self":[{"href":"https:\/\/www.terraformsk.sk\/index.php?rest_route=\/wp\/v2\/pages\/77","targetHints":{"allow":["GET"]}}],"collection":[{"href":"https:\/\/www.terraformsk.sk\/index.php?rest_route=\/wp\/v2\/pages"}],"about":[{"href":"https:\/\/www.terraformsk.sk\/index.php?rest_route=\/wp\/v2\/types\/page"}],"author":[{"embeddable":true,"href":"https:\/\/www.terraformsk.sk\/index.php?rest_route=\/wp\/v2\/users\/1"}],"replies":[{"embeddable":true,"href":"https:\/\/www.terraformsk.sk\/index.php?rest_route=%2Fwp%2Fv2%2Fcomments&post=77"}],"version-history":[{"count":1,"href":"https:\/\/www.terraformsk.sk\/index.php?rest_route=\/wp\/v2\/pages\/77\/revisions"}],"predecessor-version":[{"id":86,"href":"https:\/\/www.terraformsk.sk\/index.php?rest_route=\/wp\/v2\/pages\/77\/revisions\/86"}],"wp:attachment":[{"href":"https:\/\/www.terraformsk.sk\/index.php?rest_route=%2Fwp%2Fv2%2Fmedia&parent=77"}],"curies":[{"name":"wp","href":"https:\/\/api.w.org\/{rel}","templated":true}]}}