{"id":62,"date":"2026-03-28T23:22:44","date_gmt":"2026-03-28T22:22:44","guid":{"rendered":"https:\/\/www.terraformsk.sk\/?page_id=62"},"modified":"2026-03-28T23:22:45","modified_gmt":"2026-03-28T22:22:45","slug":"priprava-pody","status":"publish","type":"page","link":"https:\/\/www.terraformsk.sk\/?page_id=62","title":{"rendered":"Pr\u00edprava p\u00f4dy"},"content":{"rendered":"\n<h2 class=\"wp-block-heading\">Pre t\u00fdch, \u010do si chc\u00fa svoj tr\u00e1vnik zasia\u0165 sami.<\/h2>\n\n\n\n<h2 class=\"wp-block-heading\">My urob\u00edme to \u0165a\u017ek\u00e9:<br>&#8211; vyfr\u00e9zujeme p\u00f4du do h\u013abky 15 &#8211; 20 cm<br>&#8211; ter\u00e9n splan\u00edrujeme a urovn\u00e1me<br>&#8211; priprav\u00edme osivov\u00e9 l\u00f4\u017eko<br><br>Vy si u\u017e len zasejete a budete polieva\u0165!<\/h2>\n\n\n\n<figure class=\"wp-block-image size-large is-resized\"><img loading=\"lazy\" decoding=\"async\" width=\"1024\" height=\"1024\" src=\"http:\/\/www.terraformsk.sk\/wp-content\/uploads\/2026\/03\/TerraForm_02_priprava_pody2-1024x1024.jpg\" alt=\"\" class=\"wp-image-51\" style=\"width:746px;height:auto\" srcset=\"https:\/\/www.terraformsk.sk\/wp-content\/uploads\/2026\/03\/TerraForm_02_priprava_pody2-1024x1024.jpg 1024w, https:\/\/www.terraformsk.sk\/wp-content\/uploads\/2026\/03\/TerraForm_02_priprava_pody2-300x300.jpg 300w, https:\/\/www.terraformsk.sk\/wp-content\/uploads\/2026\/03\/TerraForm_02_priprava_pody2-150x150.jpg 150w, https:\/\/www.terraformsk.sk\/wp-content\/uploads\/2026\/03\/TerraForm_02_priprava_pody2-768x768.jpg 768w, https:\/\/www.terraformsk.sk\/wp-content\/uploads\/2026\/03\/TerraForm_02_priprava_pody2.jpg 1080w\" sizes=\"auto, (max-width: 1024px) 100vw, 1024px\" \/><\/figure>\n","protected":false},"excerpt":{"rendered":"<p>Pre t\u00fdch, \u010do si chc\u00fa svoj tr\u00e1vnik zasia\u0165 sami. My urob\u00edme to \u0165a\u017ek\u00e9:&#8211; vyfr\u00e9zujeme p\u00f4du do h\u013abky 15 &#8211; 20 cm&#8211; ter\u00e9n splan\u00edrujeme a urovn\u00e1me&#8211; &hellip; <\/p>\n","protected":false},"author":1,"featured_media":0,"parent":0,"menu_order":0,"comment_status":"closed","ping_status":"closed","template":"","meta":{"footnotes":""},"class_list":["post-62","page","type-page","status-publish","hentry"],"_links":{"self":[{"href":"https:\/\/www.terraformsk.sk\/index.php?rest_route=\/wp\/v2\/pages\/62","targetHints":{"allow":["GET"]}}],"collection":[{"href":"https:\/\/www.terraformsk.sk\/index.php?rest_route=\/wp\/v2\/pages"}],"about":[{"href":"https:\/\/www.terraformsk.sk\/index.php?rest_route=\/wp\/v2\/types\/page"}],"author":[{"embeddable":true,"href":"https:\/\/www.terraformsk.sk\/index.php?rest_route=\/wp\/v2\/users\/1"}],"replies":[{"embeddable":true,"href":"https:\/\/www.terraformsk.sk\/index.php?rest_route=%2Fwp%2Fv2%2Fcomments&post=62"}],"version-history":[{"count":1,"href":"https:\/\/www.terraformsk.sk\/index.php?rest_route=\/wp\/v2\/pages\/62\/revisions"}],"predecessor-version":[{"id":63,"href":"https:\/\/www.terraformsk.sk\/index.php?rest_route=\/wp\/v2\/pages\/62\/revisions\/63"}],"wp:attachment":[{"href":"https:\/\/www.terraformsk.sk\/index.php?rest_route=%2Fwp%2Fv2%2Fmedia&parent=62"}],"curies":[{"name":"wp","href":"https:\/\/api.w.org\/{rel}","templated":true}]}}