{"id":54,"date":"2026-03-28T23:03:46","date_gmt":"2026-03-28T22:03:46","guid":{"rendered":"https:\/\/www.terraformsk.sk\/?page_id=54"},"modified":"2026-03-28T23:03:47","modified_gmt":"2026-03-28T22:03:47","slug":"mulcovanie","status":"publish","type":"page","link":"https:\/\/www.terraformsk.sk\/?page_id=54","title":{"rendered":"Mul\u010dovanie"},"content":{"rendered":"\n<h2 class=\"wp-block-heading\">\u010cistenie pozemkov a mul\u010dovanie \u2013 zbav\u00edme V\u00e1s buriny, n\u00e1letov\u00fdch drev\u00edn a kr\u00edkov aj vysokej tr\u00e1vy.<\/h2>\n\n\n\n<p><strong>Mul\u010dovanie je\u00a0z\u00e1hradn\u00edcka a po\u013enohospod\u00e1rska technika, pri ktorej sa povrch p\u00f4dy pokr\u00fdva vrstvou materi\u00e1lu\u00a0(mul\u010dom). Tento proces napodob\u0148uje pr\u00edrodn\u00e9 podmienky, kde je zem chr\u00e1nen\u00e1 vrstvou l\u00edstia alebo humusu. Na\u0161e stroje spracuj\u00fa fytomasu na Va\u0161om pozemku (n\u00e1letov\u00e9 dreviny, kr\u00edky, burinu) na mul\u010d a roznomerne n\u00edm pokryj\u00fa p\u00f4du.<\/strong><\/p>\n\n\n\n<h2 class=\"wp-block-heading\">Hlavn\u00e9 v\u00fdhody mul\u010dovania:<\/h2>\n\n\n\n<ul class=\"wp-block-list\">\n<li><strong>Zadr\u017eiavanie vlhkosti<\/strong>: Mul\u010d spoma\u013euje odparovanie vody z p\u00f4dy, \u010do \u0161etr\u00ed \u010das pri polievan\u00ed.<\/li>\n\n\n\n<li><strong>Potl\u00e1\u010danie buriny<\/strong>: S\u00favisl\u00e1 vrstva materi\u00e1lu br\u00e1ni pr\u00edstupu svetla k semen\u00e1m bur\u00edn, \u010d\u00edm obmedzuje ich kl\u00ed\u010denie.<\/li>\n\n\n\n<li><strong>Regul\u00e1cia teploty<\/strong>: V lete chr\u00e1ni korene pred prehriat\u00edm a v zime (pri spr\u00e1vnom na\u010dasovan\u00ed) pred mrazom.<\/li>\n\n\n\n<li><strong>V\u00fd\u017eiva p\u00f4dy<\/strong>: Organick\u00e9 materi\u00e1ly sa postupne rozkladaj\u00fa a obohacuj\u00fa p\u00f4du o \u017eiviny a humus.<\/li>\n<\/ul>\n\n\n\n<figure class=\"wp-block-image size-large\"><img loading=\"lazy\" decoding=\"async\" width=\"1024\" height=\"1024\" src=\"http:\/\/www.terraformsk.sk\/wp-content\/uploads\/2026\/03\/TerraForm_02_mulcujeme-1024x1024.jpg\" alt=\"\" class=\"wp-image-52\" srcset=\"https:\/\/www.terraformsk.sk\/wp-content\/uploads\/2026\/03\/TerraForm_02_mulcujeme-1024x1024.jpg 1024w, https:\/\/www.terraformsk.sk\/wp-content\/uploads\/2026\/03\/TerraForm_02_mulcujeme-300x300.jpg 300w, https:\/\/www.terraformsk.sk\/wp-content\/uploads\/2026\/03\/TerraForm_02_mulcujeme-150x150.jpg 150w, https:\/\/www.terraformsk.sk\/wp-content\/uploads\/2026\/03\/TerraForm_02_mulcujeme-768x768.jpg 768w, https:\/\/www.terraformsk.sk\/wp-content\/uploads\/2026\/03\/TerraForm_02_mulcujeme.jpg 1080w\" sizes=\"auto, (max-width: 1024px) 100vw, 1024px\" \/><\/figure>\n","protected":false},"excerpt":{"rendered":"<p>\u010cistenie pozemkov a mul\u010dovanie \u2013 zbav\u00edme V\u00e1s buriny, n\u00e1letov\u00fdch drev\u00edn a kr\u00edkov aj vysokej tr\u00e1vy. Mul\u010dovanie je\u00a0z\u00e1hradn\u00edcka a po\u013enohospod\u00e1rska technika, pri ktorej sa povrch p\u00f4dy &hellip; <\/p>\n","protected":false},"author":1,"featured_media":0,"parent":0,"menu_order":0,"comment_status":"closed","ping_status":"closed","template":"","meta":{"footnotes":""},"class_list":["post-54","page","type-page","status-publish","hentry"],"_links":{"self":[{"href":"https:\/\/www.terraformsk.sk\/index.php?rest_route=\/wp\/v2\/pages\/54","targetHints":{"allow":["GET"]}}],"collection":[{"href":"https:\/\/www.terraformsk.sk\/index.php?rest_route=\/wp\/v2\/pages"}],"about":[{"href":"https:\/\/www.terraformsk.sk\/index.php?rest_route=\/wp\/v2\/types\/page"}],"author":[{"embeddable":true,"href":"https:\/\/www.terraformsk.sk\/index.php?rest_route=\/wp\/v2\/users\/1"}],"replies":[{"embeddable":true,"href":"https:\/\/www.terraformsk.sk\/index.php?rest_route=%2Fwp%2Fv2%2Fcomments&post=54"}],"version-history":[{"count":1,"href":"https:\/\/www.terraformsk.sk\/index.php?rest_route=\/wp\/v2\/pages\/54\/revisions"}],"predecessor-version":[{"id":55,"href":"https:\/\/www.terraformsk.sk\/index.php?rest_route=\/wp\/v2\/pages\/54\/revisions\/55"}],"wp:attachment":[{"href":"https:\/\/www.terraformsk.sk\/index.php?rest_route=%2Fwp%2Fv2%2Fmedia&parent=54"}],"curies":[{"name":"wp","href":"https:\/\/api.w.org\/{rel}","templated":true}]}}