{"id":36,"date":"2026-03-28T21:47:01","date_gmt":"2026-03-28T20:47:01","guid":{"rendered":"https:\/\/www.terraformsk.sk\/?page_id=36"},"modified":"2026-03-28T21:47:03","modified_gmt":"2026-03-28T20:47:03","slug":"kontakt","status":"publish","type":"page","link":"https:\/\/www.terraformsk.sk\/?page_id=36","title":{"rendered":"Kontakt"},"content":{"rendered":"\n<p>Profesion\u00e1lna pr\u00e1ca \u2022 \u010dist\u00fd v\u00fdsledok \u2022 f\u00e9rov\u00fd pr\u00edstup<br><br>\ud83d\udcde 0915 077 866<\/p>\n\n\n\n<p><img loading=\"lazy\" decoding=\"async\" height=\"12\" width=\"12\" src=\"\" alt=\"\">e-mail: info@terraformsk.sk<img loading=\"lazy\" decoding=\"async\" height=\"12\" width=\"12\" src=\"\" alt=\"\"><\/p>\n","protected":false},"excerpt":{"rendered":"<p>Profesion\u00e1lna pr\u00e1ca \u2022 \u010dist\u00fd v\u00fdsledok \u2022 f\u00e9rov\u00fd pr\u00edstup \ud83d\udcde 0915 077 866 e-mail: info@terraformsk.sk<\/p>\n","protected":false},"author":1,"featured_media":0,"parent":0,"menu_order":0,"comment_status":"closed","ping_status":"closed","template":"","meta":{"footnotes":""},"class_list":["post-36","page","type-page","status-publish","hentry"],"_links":{"self":[{"href":"https:\/\/www.terraformsk.sk\/index.php?rest_route=\/wp\/v2\/pages\/36","targetHints":{"allow":["GET"]}}],"collection":[{"href":"https:\/\/www.terraformsk.sk\/index.php?rest_route=\/wp\/v2\/pages"}],"about":[{"href":"https:\/\/www.terraformsk.sk\/index.php?rest_route=\/wp\/v2\/types\/page"}],"author":[{"embeddable":true,"href":"https:\/\/www.terraformsk.sk\/index.php?rest_route=\/wp\/v2\/users\/1"}],"replies":[{"embeddable":true,"href":"https:\/\/www.terraformsk.sk\/index.php?rest_route=%2Fwp%2Fv2%2Fcomments&post=36"}],"version-history":[{"count":1,"href":"https:\/\/www.terraformsk.sk\/index.php?rest_route=\/wp\/v2\/pages\/36\/revisions"}],"predecessor-version":[{"id":37,"href":"https:\/\/www.terraformsk.sk\/index.php?rest_route=\/wp\/v2\/pages\/36\/revisions\/37"}],"wp:attachment":[{"href":"https:\/\/www.terraformsk.sk\/index.php?rest_route=%2Fwp%2Fv2%2Fmedia&parent=36"}],"curies":[{"name":"wp","href":"https:\/\/api.w.org\/{rel}","templated":true}]}}