{"id":32,"date":"2026-03-28T21:11:26","date_gmt":"2026-03-28T20:11:26","guid":{"rendered":"https:\/\/www.terraformsk.sk\/?page_id=32"},"modified":"2026-03-28T21:11:27","modified_gmt":"2026-03-28T20:11:27","slug":"cennik","status":"publish","type":"page","link":"https:\/\/www.terraformsk.sk\/?page_id=32","title":{"rendered":"Cenn\u00edk"},"content":{"rendered":"\n<p>Uverej\u0148ujeme cenn\u00edk na\u0161ich pr\u00e1c, platn\u00fd na rok 2026:<\/p>\n\n\n\n<p>Kompletn\u00fd bal\u00edk<br>pre siaty tr\u00e1vnik<\/p>\n\n\n\n<p>\u00daprava pozemku do fin\u00e1lnej podoby a v\u00fdsev tr\u00e1vnika<\/p>\n\n\n\n<p>OD&nbsp;2,90 \u20ac<\/p>\n\n\n\n<p>&nbsp;&nbsp;\/ 1 m<sup>2<\/sup><\/p>\n\n\n\n<p>Fin\u00e1lne povalcovanie p\u00f4dy.<br><br>Individu\u00e1lne po\u017eiadavky n\u00e1m po\u0161lite na e-mail: xxx@terraformsk.sk spolu s Va\u0161\u00edm telefonick\u00fdm kontaktom, ozveme sa V\u00e1m!<\/p>\n\n\n\n<p>\u00a0<strong>cena od 2,90 \u20ac do 6,90 \u20ac \/ 1 m<sup>2<\/sup><\/strong><\/p>\n\n\n\n<p>Ceny platia pre plochy od 100 m<sup>2<\/sup>. Men\u0161ie plochy nace\u0148ujeme individu\u00e1lne.<\/p>\n\n\n\n<p>Rozdrvenie a nakyprenie p\u00f4dy sp\u00e4tnou fr\u00e9zou v h\u013abke 10 \u2013 14 cm.<\/p>\n\n\n\n<p>Strojov\u00e9 a ru\u010dn\u00e9 vytriedenie v\u00e4\u010d\u0161\u00edch aj men\u0161\u00edch kame\u0148ov.<\/p>\n\n\n\n<p>Perforovan\u00e9 povalcovanie podkladu.<\/p>\n\n\n\n<p>Zrovnanie pozemku, hrabanie a vy\u010distenie pozemku od ne\u017eiaducich predmetov, model\u00e1cia ter\u00e9nu.<\/p>\n\n\n\n<p>V pr\u00edpade z\u00e1ujmu zapracovanie piesku alebo zeolitu do zeminy a tr\u00e1vneho substr\u00e1tu na skvalitnenie zeminy.<\/p>\n\n\n\n<p>V\u00fdsev tr\u00e1vy a aplik\u00e1cia hnojiva (cena materi\u00e1lu nie je zapo\u010d\u00edtan\u00e1 v cene bal\u00edka, odv\u00edja sa od pou\u017eit\u00e9ho tr\u00e1vneho semena a hnojiva, ktor\u00e9 si m\u00f4\u017eete zabezpe\u010di\u0165 sami alebo v\u00e1m ich zabezpe\u010d\u00edme my).<\/p>\n\n\n<div class=\"wp-block-image\">\n<figure class=\"aligncenter size-large is-resized\"><img loading=\"lazy\" decoding=\"async\" width=\"1024\" height=\"1005\" src=\"http:\/\/www.terraformsk.sk\/wp-content\/uploads\/2026\/03\/TerraForm_01-1024x1005.jpg\" alt=\"\" class=\"wp-image-10\" style=\"width:504px;height:auto\" srcset=\"https:\/\/www.terraformsk.sk\/wp-content\/uploads\/2026\/03\/TerraForm_01-1024x1005.jpg 1024w, https:\/\/www.terraformsk.sk\/wp-content\/uploads\/2026\/03\/TerraForm_01-300x295.jpg 300w, https:\/\/www.terraformsk.sk\/wp-content\/uploads\/2026\/03\/TerraForm_01-768x754.jpg 768w, https:\/\/www.terraformsk.sk\/wp-content\/uploads\/2026\/03\/TerraForm_01.jpg 1202w\" sizes=\"auto, (max-width: 1024px) 100vw, 1024px\" \/><\/figure>\n<\/div>","protected":false},"excerpt":{"rendered":"<p>Uverej\u0148ujeme cenn\u00edk na\u0161ich pr\u00e1c, platn\u00fd na rok 2026: Kompletn\u00fd bal\u00edkpre siaty tr\u00e1vnik \u00daprava pozemku do fin\u00e1lnej podoby a v\u00fdsev tr\u00e1vnika OD&nbsp;2,90 \u20ac &nbsp;&nbsp;\/ 1 m2 &hellip; <\/p>\n","protected":false},"author":1,"featured_media":0,"parent":0,"menu_order":0,"comment_status":"closed","ping_status":"closed","template":"","meta":{"footnotes":""},"class_list":["post-32","page","type-page","status-publish","hentry"],"_links":{"self":[{"href":"https:\/\/www.terraformsk.sk\/index.php?rest_route=\/wp\/v2\/pages\/32","targetHints":{"allow":["GET"]}}],"collection":[{"href":"https:\/\/www.terraformsk.sk\/index.php?rest_route=\/wp\/v2\/pages"}],"about":[{"href":"https:\/\/www.terraformsk.sk\/index.php?rest_route=\/wp\/v2\/types\/page"}],"author":[{"embeddable":true,"href":"https:\/\/www.terraformsk.sk\/index.php?rest_route=\/wp\/v2\/users\/1"}],"replies":[{"embeddable":true,"href":"https:\/\/www.terraformsk.sk\/index.php?rest_route=%2Fwp%2Fv2%2Fcomments&post=32"}],"version-history":[{"count":1,"href":"https:\/\/www.terraformsk.sk\/index.php?rest_route=\/wp\/v2\/pages\/32\/revisions"}],"predecessor-version":[{"id":33,"href":"https:\/\/www.terraformsk.sk\/index.php?rest_route=\/wp\/v2\/pages\/32\/revisions\/33"}],"wp:attachment":[{"href":"https:\/\/www.terraformsk.sk\/index.php?rest_route=%2Fwp%2Fv2%2Fmedia&parent=32"}],"curies":[{"name":"wp","href":"https:\/\/api.w.org\/{rel}","templated":true}]}}