{"id":29,"date":"2026-03-28T21:07:37","date_gmt":"2026-03-28T20:07:37","guid":{"rendered":"https:\/\/www.terraformsk.sk\/?page_id=29"},"modified":"2026-03-28T21:07:51","modified_gmt":"2026-03-28T20:07:51","slug":"recenzie","status":"publish","type":"page","link":"https:\/\/www.terraformsk.sk\/?page_id=29","title":{"rendered":"Recenzie"},"content":{"rendered":"\n<p>Pre\u010d\u00edtajte si, \u010do o na\u0161ej pr\u00e1ci nap\u00edsali na\u0161i z\u00e1kazn\u00edci:<\/p>\n\n\n\n<p>M\u00e1ria W.,  Tatransk\u00e1 Lomnica, marec 2026:<br><br>Som spokojn\u00e1 s v\u00fdsledkom, dvor je rovn\u00fd a tr\u00e1vnik u\u017e za\u010d\u00edna r\u00e1s\u0165, \u010fakujem!<\/p>\n","protected":false},"excerpt":{"rendered":"<p>Pre\u010d\u00edtajte si, \u010do o na\u0161ej pr\u00e1ci nap\u00edsali na\u0161i z\u00e1kazn\u00edci: M\u00e1ria W., Tatransk\u00e1 Lomnica, marec 2026: Som spokojn\u00e1 s v\u00fdsledkom, dvor je rovn\u00fd a tr\u00e1vnik u\u017e &hellip; <\/p>\n","protected":false},"author":1,"featured_media":0,"parent":0,"menu_order":0,"comment_status":"closed","ping_status":"closed","template":"","meta":{"footnotes":""},"class_list":["post-29","page","type-page","status-publish","hentry"],"_links":{"self":[{"href":"https:\/\/www.terraformsk.sk\/index.php?rest_route=\/wp\/v2\/pages\/29","targetHints":{"allow":["GET"]}}],"collection":[{"href":"https:\/\/www.terraformsk.sk\/index.php?rest_route=\/wp\/v2\/pages"}],"about":[{"href":"https:\/\/www.terraformsk.sk\/index.php?rest_route=\/wp\/v2\/types\/page"}],"author":[{"embeddable":true,"href":"https:\/\/www.terraformsk.sk\/index.php?rest_route=\/wp\/v2\/users\/1"}],"replies":[{"embeddable":true,"href":"https:\/\/www.terraformsk.sk\/index.php?rest_route=%2Fwp%2Fv2%2Fcomments&post=29"}],"version-history":[{"count":2,"href":"https:\/\/www.terraformsk.sk\/index.php?rest_route=\/wp\/v2\/pages\/29\/revisions"}],"predecessor-version":[{"id":31,"href":"https:\/\/www.terraformsk.sk\/index.php?rest_route=\/wp\/v2\/pages\/29\/revisions\/31"}],"wp:attachment":[{"href":"https:\/\/www.terraformsk.sk\/index.php?rest_route=%2Fwp%2Fv2%2Fmedia&parent=29"}],"curies":[{"name":"wp","href":"https:\/\/api.w.org\/{rel}","templated":true}]}}