{"id":2,"date":"2026-03-28T20:57:46","date_gmt":"2026-03-28T19:57:46","guid":{"rendered":"http:\/\/localhost\/wordpress\/?page_id=2"},"modified":"2026-03-28T23:04:55","modified_gmt":"2026-03-28T22:04:55","slug":"sample-page","status":"publish","type":"page","link":"https:\/\/www.terraformsk.sk\/?page_id=2","title":{"rendered":"Na\u0161e slu\u017eby"},"content":{"rendered":"\n<h2 class=\"wp-block-heading\">Zakladanie tr\u00e1vnikov od nuly &#8211; pr\u00edprava p\u00f4dy, vyrovnanie, v\u00fdsev alebo pokl\u00e1dka tr\u00e1vneho koberca:<\/h2>\n\n\n\n<figure class=\"wp-block-image size-large is-resized\"><img loading=\"lazy\" decoding=\"async\" width=\"1024\" height=\"1024\" src=\"https:\/\/www.terraformsk.sk\/wp-content\/uploads\/2026\/03\/TerraForm_02_zakladanie-1024x1024.jpg\" alt=\"\" class=\"wp-image-48\" style=\"width:777px;height:auto\" srcset=\"https:\/\/www.terraformsk.sk\/wp-content\/uploads\/2026\/03\/TerraForm_02_zakladanie-1024x1024.jpg 1024w, https:\/\/www.terraformsk.sk\/wp-content\/uploads\/2026\/03\/TerraForm_02_zakladanie-300x300.jpg 300w, https:\/\/www.terraformsk.sk\/wp-content\/uploads\/2026\/03\/TerraForm_02_zakladanie-150x150.jpg 150w, https:\/\/www.terraformsk.sk\/wp-content\/uploads\/2026\/03\/TerraForm_02_zakladanie-768x768.jpg 768w, https:\/\/www.terraformsk.sk\/wp-content\/uploads\/2026\/03\/TerraForm_02_zakladanie.jpg 1080w\" sizes=\"auto, (max-width: 1024px) 100vw, 1024px\" \/><\/figure>\n\n\n\n<h2 class=\"wp-block-heading\">Pr\u00edprava p\u00f4dy pre t\u00fdch, \u010do si chc\u00fa zasia\u0165 sami:<\/h2>\n\n\n<div class=\"wp-block-image\">\n<figure class=\"alignleft size-large is-resized\"><img loading=\"lazy\" decoding=\"async\" width=\"1024\" height=\"1024\" src=\"https:\/\/www.terraformsk.sk\/wp-content\/uploads\/2026\/03\/TerraForm_02_priprava_pody2-1024x1024.jpg\" alt=\"\" class=\"wp-image-51\" style=\"width:777px;height:auto\" srcset=\"https:\/\/www.terraformsk.sk\/wp-content\/uploads\/2026\/03\/TerraForm_02_priprava_pody2-1024x1024.jpg 1024w, https:\/\/www.terraformsk.sk\/wp-content\/uploads\/2026\/03\/TerraForm_02_priprava_pody2-300x300.jpg 300w, https:\/\/www.terraformsk.sk\/wp-content\/uploads\/2026\/03\/TerraForm_02_priprava_pody2-150x150.jpg 150w, https:\/\/www.terraformsk.sk\/wp-content\/uploads\/2026\/03\/TerraForm_02_priprava_pody2-768x768.jpg 768w, https:\/\/www.terraformsk.sk\/wp-content\/uploads\/2026\/03\/TerraForm_02_priprava_pody2.jpg 1080w\" sizes=\"auto, (max-width: 1024px) 100vw, 1024px\" \/><\/figure>\n<\/div>\n\n\n<p><\/p>\n\n\n\n<figure class=\"wp-block-image size-large is-resized\"><img loading=\"lazy\" decoding=\"async\" width=\"1024\" height=\"538\" src=\"https:\/\/www.terraformsk.sk\/wp-content\/uploads\/2026\/03\/TerraForm_02_priprava_pody-1024x538.jpg\" alt=\"\" class=\"wp-image-50\" style=\"width:777px;height:auto\" srcset=\"https:\/\/www.terraformsk.sk\/wp-content\/uploads\/2026\/03\/TerraForm_02_priprava_pody-1024x538.jpg 1024w, https:\/\/www.terraformsk.sk\/wp-content\/uploads\/2026\/03\/TerraForm_02_priprava_pody-300x158.jpg 300w, https:\/\/www.terraformsk.sk\/wp-content\/uploads\/2026\/03\/TerraForm_02_priprava_pody-768x403.jpg 768w, https:\/\/www.terraformsk.sk\/wp-content\/uploads\/2026\/03\/TerraForm_02_priprava_pody.jpg 1200w\" sizes=\"auto, (max-width: 1024px) 100vw, 1024px\" \/><\/figure>\n\n\n\n<h2 class=\"wp-block-heading\">\u010cistenie pozemkov a mul\u010dovanie &#8211; zbav\u00edme V\u00e1s buriny, n\u00e1letov\u00fdch drev\u00edn a kr\u00edkov aj vysokej tr\u00e1vy:<\/h2>\n\n\n\n<figure class=\"wp-block-image size-large is-resized\"><img loading=\"lazy\" decoding=\"async\" width=\"1024\" height=\"1024\" src=\"https:\/\/www.terraformsk.sk\/wp-content\/uploads\/2026\/03\/TerraForm_02_mulcujeme-1024x1024.jpg\" alt=\"\" class=\"wp-image-52\" style=\"width:778px;height:auto\" srcset=\"https:\/\/www.terraformsk.sk\/wp-content\/uploads\/2026\/03\/TerraForm_02_mulcujeme-1024x1024.jpg 1024w, https:\/\/www.terraformsk.sk\/wp-content\/uploads\/2026\/03\/TerraForm_02_mulcujeme-300x300.jpg 300w, https:\/\/www.terraformsk.sk\/wp-content\/uploads\/2026\/03\/TerraForm_02_mulcujeme-150x150.jpg 150w, https:\/\/www.terraformsk.sk\/wp-content\/uploads\/2026\/03\/TerraForm_02_mulcujeme-768x768.jpg 768w, https:\/\/www.terraformsk.sk\/wp-content\/uploads\/2026\/03\/TerraForm_02_mulcujeme.jpg 1080w\" sizes=\"auto, (max-width: 1024px) 100vw, 1024px\" \/><\/figure>\n\n\n\n<p><\/p>\n","protected":false},"excerpt":{"rendered":"<p>Zakladanie tr\u00e1vnikov od nuly &#8211; pr\u00edprava p\u00f4dy, vyrovnanie, v\u00fdsev alebo pokl\u00e1dka tr\u00e1vneho koberca: Pr\u00edprava p\u00f4dy pre t\u00fdch, \u010do si chc\u00fa zasia\u0165 sami: \u010cistenie pozemkov a &hellip; <\/p>\n","protected":false},"author":1,"featured_media":0,"parent":0,"menu_order":0,"comment_status":"closed","ping_status":"closed","template":"","meta":{"footnotes":""},"class_list":["post-2","page","type-page","status-publish","hentry"],"_links":{"self":[{"href":"https:\/\/www.terraformsk.sk\/index.php?rest_route=\/wp\/v2\/pages\/2","targetHints":{"allow":["GET"]}}],"collection":[{"href":"https:\/\/www.terraformsk.sk\/index.php?rest_route=\/wp\/v2\/pages"}],"about":[{"href":"https:\/\/www.terraformsk.sk\/index.php?rest_route=\/wp\/v2\/types\/page"}],"author":[{"embeddable":true,"href":"https:\/\/www.terraformsk.sk\/index.php?rest_route=\/wp\/v2\/users\/1"}],"replies":[{"embeddable":true,"href":"https:\/\/www.terraformsk.sk\/index.php?rest_route=%2Fwp%2Fv2%2Fcomments&post=2"}],"version-history":[{"count":3,"href":"https:\/\/www.terraformsk.sk\/index.php?rest_route=\/wp\/v2\/pages\/2\/revisions"}],"predecessor-version":[{"id":57,"href":"https:\/\/www.terraformsk.sk\/index.php?rest_route=\/wp\/v2\/pages\/2\/revisions\/57"}],"wp:attachment":[{"href":"https:\/\/www.terraformsk.sk\/index.php?rest_route=%2Fwp%2Fv2%2Fmedia&parent=2"}],"curies":[{"name":"wp","href":"https:\/\/api.w.org\/{rel}","templated":true}]}}