{"id":19,"date":"2026-03-28T20:52:48","date_gmt":"2026-03-28T19:52:48","guid":{"rendered":"https:\/\/www.terraformsk.sk\/?page_id=19"},"modified":"2026-03-29T13:02:03","modified_gmt":"2026-03-29T12:02:03","slug":"o-nas","status":"publish","type":"page","link":"https:\/\/www.terraformsk.sk\/?page_id=19","title":{"rendered":"O n\u00e1s"},"content":{"rendered":"\n<p><strong>Sme spolo\u010dnos\u0165 zameran\u00e1 na fin\u00e1lnu&nbsp;\u00fapravu pozemkov, mul\u010dovanie a &nbsp;zakladanie nov\u00fdch tr\u00e1vnikov \u2013 siatych aj kobercov\u00fdch. S \u00fapravou pozemkov a zakladan\u00edm tr\u00e1vnikov m\u00e1me dlhoro\u010dn\u00e9 sk\u00fasenosti, po\u010das sez\u00f3ny urob\u00edme viac ako 100 nov\u00fdch tr\u00e1vnikov a zmul\u010dujeme desiatky pozemkov. Na\u0161ou prioritou s\u00fa na\u0161i spokojn\u00ed z\u00e1kazn\u00edci, ktor\u00ed bud\u00fa ma\u0165 aj po rokoch pekn\u00fd a kvalitn\u00fd tr\u00e1vnik.<\/strong><\/p>\n\n\n\n<p><strong>P\u00f4dnu fr\u00e9zu, mul\u010dova\u010d \u010di \u0161tiepa\u010dku na drevo aj zapo\u017ei\u010diavame &#8211; o vo\u013en\u00fdch term\u00ednoch sa informujte na \u010d\u00edsle 0915 077 866.<\/strong><\/p>\n\n\n<div class=\"wp-block-image\">\n<figure class=\"aligncenter size-large is-resized\"><img loading=\"lazy\" decoding=\"async\" width=\"1024\" height=\"1005\" src=\"http:\/\/www.terraformsk.sk\/wp-content\/uploads\/2026\/03\/TerraForm_01-1024x1005.jpg\" alt=\"\" class=\"wp-image-10\" style=\"width:691px;height:auto\" srcset=\"https:\/\/www.terraformsk.sk\/wp-content\/uploads\/2026\/03\/TerraForm_01-1024x1005.jpg 1024w, https:\/\/www.terraformsk.sk\/wp-content\/uploads\/2026\/03\/TerraForm_01-300x295.jpg 300w, https:\/\/www.terraformsk.sk\/wp-content\/uploads\/2026\/03\/TerraForm_01-768x754.jpg 768w, https:\/\/www.terraformsk.sk\/wp-content\/uploads\/2026\/03\/TerraForm_01.jpg 1202w\" sizes=\"auto, (max-width: 1024px) 100vw, 1024px\" \/><\/figure>\n<\/div>","protected":false},"excerpt":{"rendered":"<p>Sme spolo\u010dnos\u0165 zameran\u00e1 na fin\u00e1lnu&nbsp;\u00fapravu pozemkov, mul\u010dovanie a &nbsp;zakladanie nov\u00fdch tr\u00e1vnikov \u2013 siatych aj kobercov\u00fdch. S \u00fapravou pozemkov a zakladan\u00edm tr\u00e1vnikov m\u00e1me dlhoro\u010dn\u00e9 sk\u00fasenosti, po\u010das &hellip; <\/p>\n","protected":false},"author":1,"featured_media":0,"parent":0,"menu_order":0,"comment_status":"closed","ping_status":"closed","template":"","meta":{"footnotes":""},"class_list":["post-19","page","type-page","status-publish","hentry"],"_links":{"self":[{"href":"https:\/\/www.terraformsk.sk\/index.php?rest_route=\/wp\/v2\/pages\/19","targetHints":{"allow":["GET"]}}],"collection":[{"href":"https:\/\/www.terraformsk.sk\/index.php?rest_route=\/wp\/v2\/pages"}],"about":[{"href":"https:\/\/www.terraformsk.sk\/index.php?rest_route=\/wp\/v2\/types\/page"}],"author":[{"embeddable":true,"href":"https:\/\/www.terraformsk.sk\/index.php?rest_route=\/wp\/v2\/users\/1"}],"replies":[{"embeddable":true,"href":"https:\/\/www.terraformsk.sk\/index.php?rest_route=%2Fwp%2Fv2%2Fcomments&post=19"}],"version-history":[{"count":3,"href":"https:\/\/www.terraformsk.sk\/index.php?rest_route=\/wp\/v2\/pages\/19\/revisions"}],"predecessor-version":[{"id":120,"href":"https:\/\/www.terraformsk.sk\/index.php?rest_route=\/wp\/v2\/pages\/19\/revisions\/120"}],"wp:attachment":[{"href":"https:\/\/www.terraformsk.sk\/index.php?rest_route=%2Fwp%2Fv2%2Fmedia&parent=19"}],"curies":[{"name":"wp","href":"https:\/\/api.w.org\/{rel}","templated":true}]}}