{"id":100,"date":"2026-03-29T00:36:53","date_gmt":"2026-03-28T23:36:53","guid":{"rendered":"https:\/\/www.terraformsk.sk\/?page_id=100"},"modified":"2026-03-29T00:38:48","modified_gmt":"2026-03-28T23:38:48","slug":"prenajom-stiepacky-na-drevo","status":"publish","type":"page","link":"https:\/\/www.terraformsk.sk\/?page_id=100","title":{"rendered":"Pren\u00e1jom \u0161tiepa\u010dky na drevo"},"content":{"rendered":"\n<h2 class=\"wp-block-heading\">Kto si drevo priprav\u00ed v lete, ten si zimu u\u017e\u00edva v teple!<\/h2>\n\n\n\n<p>Pon\u00fakam na pren\u00e1jom v\u00fdkonn\u00fa \u0161tiepa\u010dku dreva LS10, vhodn\u00fa na spracovanie palivov\u00e9ho dreva pre dom\u00e1cnosti aj men\u0161ie hospod\u00e1rstva.<\/p>\n\n\n\n<p><img loading=\"lazy\" decoding=\"async\" height=\"16\" width=\"16\" alt=\"\u2714\" src=\"https:\/\/static.xx.fbcdn.net\/images\/emoji.php\/v9\/t51\/1\/16\/2714.png\"> \u0161tiepac\u00ed tlak 10 ton<\/p>\n\n\n\n<p><img loading=\"lazy\" decoding=\"async\" height=\"16\" width=\"16\" alt=\"\u2714\" src=\"https:\/\/static.xx.fbcdn.net\/images\/emoji.php\/v9\/t51\/1\/16\/2714.png\"> zvl\u00e1dne tvrd\u00e9 aj surov\u00e9 drevo<\/p>\n\n\n\n<p><img loading=\"lazy\" decoding=\"async\" height=\"16\" width=\"16\" alt=\"\u2714\" src=\"https:\/\/static.xx.fbcdn.net\/images\/emoji.php\/v9\/t51\/1\/16\/2714.png\"> jednoduch\u00e1 obsluha<\/p>\n\n\n\n<p><img loading=\"lazy\" decoding=\"async\" height=\"16\" width=\"16\" alt=\"\u2714\" src=\"https:\/\/static.xx.fbcdn.net\/images\/emoji.php\/v9\/t51\/1\/16\/2714.png\"> ide\u00e1lna na pr\u00edpravu dreva na zimu<\/p>\n\n\n\n<p>Vhodn\u00e1 na: \u2013 polen\u00e1 do krbu<\/p>\n\n\n\n<p>\u2013 drevo do kotla<\/p>\n\n\n\n<p>\u2013 spracovanie gu\u013eatiny<\/p>\n\n\n\n<figure class=\"wp-block-gallery has-nested-images columns-default is-cropped wp-block-gallery-1 is-layout-flex wp-block-gallery-is-layout-flex\">\n<figure class=\"wp-block-image size-large\"><img loading=\"lazy\" decoding=\"async\" width=\"1024\" height=\"1024\" data-id=\"102\" src=\"https:\/\/www.terraformsk.sk\/wp-content\/uploads\/2026\/03\/TerraForm_stiepacka1-1024x1024.jpg\" alt=\"\" class=\"wp-image-102\" srcset=\"https:\/\/www.terraformsk.sk\/wp-content\/uploads\/2026\/03\/TerraForm_stiepacka1-1024x1024.jpg 1024w, https:\/\/www.terraformsk.sk\/wp-content\/uploads\/2026\/03\/TerraForm_stiepacka1-300x300.jpg 300w, https:\/\/www.terraformsk.sk\/wp-content\/uploads\/2026\/03\/TerraForm_stiepacka1-150x150.jpg 150w, https:\/\/www.terraformsk.sk\/wp-content\/uploads\/2026\/03\/TerraForm_stiepacka1-768x768.jpg 768w, https:\/\/www.terraformsk.sk\/wp-content\/uploads\/2026\/03\/TerraForm_stiepacka1.jpg 1200w\" sizes=\"auto, (max-width: 1024px) 100vw, 1024px\" \/><\/figure>\n\n\n\n<figure class=\"wp-block-image size-large\"><img loading=\"lazy\" decoding=\"async\" width=\"1024\" height=\"1024\" data-id=\"103\" src=\"https:\/\/www.terraformsk.sk\/wp-content\/uploads\/2026\/03\/TerraForm_stiepacka3-1024x1024.jpg\" alt=\"\" class=\"wp-image-103\" srcset=\"https:\/\/www.terraformsk.sk\/wp-content\/uploads\/2026\/03\/TerraForm_stiepacka3-1024x1024.jpg 1024w, https:\/\/www.terraformsk.sk\/wp-content\/uploads\/2026\/03\/TerraForm_stiepacka3-300x300.jpg 300w, https:\/\/www.terraformsk.sk\/wp-content\/uploads\/2026\/03\/TerraForm_stiepacka3-150x150.jpg 150w, https:\/\/www.terraformsk.sk\/wp-content\/uploads\/2026\/03\/TerraForm_stiepacka3-768x768.jpg 768w, https:\/\/www.terraformsk.sk\/wp-content\/uploads\/2026\/03\/TerraForm_stiepacka3.jpg 1200w\" sizes=\"auto, (max-width: 1024px) 100vw, 1024px\" \/><\/figure>\n\n\n\n<figure class=\"wp-block-image size-large\"><img loading=\"lazy\" decoding=\"async\" width=\"1024\" height=\"1024\" data-id=\"101\" src=\"https:\/\/www.terraformsk.sk\/wp-content\/uploads\/2026\/03\/TerraForm_stiepacka2-1024x1024.jpg\" alt=\"\" class=\"wp-image-101\" srcset=\"https:\/\/www.terraformsk.sk\/wp-content\/uploads\/2026\/03\/TerraForm_stiepacka2-1024x1024.jpg 1024w, https:\/\/www.terraformsk.sk\/wp-content\/uploads\/2026\/03\/TerraForm_stiepacka2-300x300.jpg 300w, https:\/\/www.terraformsk.sk\/wp-content\/uploads\/2026\/03\/TerraForm_stiepacka2-150x150.jpg 150w, https:\/\/www.terraformsk.sk\/wp-content\/uploads\/2026\/03\/TerraForm_stiepacka2-768x768.jpg 768w, https:\/\/www.terraformsk.sk\/wp-content\/uploads\/2026\/03\/TerraForm_stiepacka2.jpg 1200w\" sizes=\"auto, (max-width: 1024px) 100vw, 1024px\" \/><\/figure>\n<\/figure>\n\n\n\n<p>\u0160tiepa\u010dku si vie\u0161 po\u017ei\u010da\u0165 na jeden de\u0148 alebo na cel\u00fd v\u00edkend za v\u00fdhodn\u00fdch podmienok.<br>Pr\u00e1cu zvl\u00e1dne\u0161 aj s\u00e1m a e\u0161te sa pri nej zabav\u00ed\u0161.<br>Inform\u00e1cie o vo\u013en\u00fdch term\u00ednoch\u00a0z\u00edska\u0161 na telef\u00f3nnom \u010d\u00edsle\u00a00915077866.<\/p>\n","protected":false},"excerpt":{"rendered":"<p>Kto si drevo priprav\u00ed v lete, ten si zimu u\u017e\u00edva v teple! Pon\u00fakam na pren\u00e1jom v\u00fdkonn\u00fa \u0161tiepa\u010dku dreva LS10, vhodn\u00fa na spracovanie palivov\u00e9ho dreva pre &hellip; <\/p>\n","protected":false},"author":1,"featured_media":0,"parent":0,"menu_order":0,"comment_status":"closed","ping_status":"closed","template":"","meta":{"footnotes":""},"class_list":["post-100","page","type-page","status-publish","hentry"],"_links":{"self":[{"href":"https:\/\/www.terraformsk.sk\/index.php?rest_route=\/wp\/v2\/pages\/100","targetHints":{"allow":["GET"]}}],"collection":[{"href":"https:\/\/www.terraformsk.sk\/index.php?rest_route=\/wp\/v2\/pages"}],"about":[{"href":"https:\/\/www.terraformsk.sk\/index.php?rest_route=\/wp\/v2\/types\/page"}],"author":[{"embeddable":true,"href":"https:\/\/www.terraformsk.sk\/index.php?rest_route=\/wp\/v2\/users\/1"}],"replies":[{"embeddable":true,"href":"https:\/\/www.terraformsk.sk\/index.php?rest_route=%2Fwp%2Fv2%2Fcomments&post=100"}],"version-history":[{"count":2,"href":"https:\/\/www.terraformsk.sk\/index.php?rest_route=\/wp\/v2\/pages\/100\/revisions"}],"predecessor-version":[{"id":106,"href":"https:\/\/www.terraformsk.sk\/index.php?rest_route=\/wp\/v2\/pages\/100\/revisions\/106"}],"wp:attachment":[{"href":"https:\/\/www.terraformsk.sk\/index.php?rest_route=%2Fwp%2Fv2%2Fmedia&parent=100"}],"curies":[{"name":"wp","href":"https:\/\/api.w.org\/{rel}","templated":true}]}}